{"id":70,"date":"2022-03-29T14:55:57","date_gmt":"2022-03-29T14:55:57","guid":{"rendered":"https:\/\/www.yogananda.com.mx\/site\/?post_type=product&#038;p=70"},"modified":"2022-03-29T14:55:57","modified_gmt":"2022-03-29T14:55:57","slug":"cuenco-tibetano","status":"publish","type":"product","link":"https:\/\/www.yogananda.com.mx\/portal\/product\/cuenco-tibetano\/","title":{"rendered":"Cuenco Tibetano"},"content":{"rendered":"<p>Los beneficios del <strong>cuenco tibetano<\/strong> son much\u00edsimos; desde la tranquilidad y armon\u00eda de su sonido hasta su faceta decorativa<\/p>\n<p>Aqu\u00ed te compartimos un poco de la magia que tienen \u2714<\/p>\n<ul>\n<li>Eliminan el estr\u00e9s y la ansiedad.<\/li>\n<li>Mejoran la concentraci\u00f3n.<\/li>\n<li>Los sonidos de los cuencos tibetanos incitan una meditaci\u00f3n profunda.<\/li>\n<li>Equilibran los chakras y limpian el aura.<\/li>\n<li>Promueven la estabilidad emocional.<\/li>\n<li>Ayudan a descansar mejor.<\/li>\n<li>Alivian los dolores de cabeza y las migra\u00f1as.<\/li>\n<li>Te invade una tremenda sensaci\u00f3n de paz interior.<\/li>\n<\/ul>\n","protected":false},"excerpt":{"rendered":"<p>Los beneficios del cuenco tibetano son much\u00edsimos; desde la tranquilidad y armon\u00eda de su sonido hasta su faceta decorativa Aqu\u00ed te compartimos un poco de la<span class=\"excerpt-hellip\"> [\u2026]<\/span><\/p>\n","protected":false},"featured_media":71,"comment_status":"open","ping_status":"closed","template":"","meta":{"_joinchat":[]},"product_cat":[18],"product_tag":[],"class_list":{"0":"post-70","1":"product","2":"type-product","3":"status-publish","4":"has-post-thumbnail","6":"product_cat-yoga","8":"first","9":"instock","10":"sale","11":"shipping-taxable","12":"purchasable","13":"product-type-simple"},"_links":{"self":[{"href":"https:\/\/www.yogananda.com.mx\/portal\/wp-json\/wp\/v2\/product\/70","targetHints":{"allow":["GET"]}}],"collection":[{"href":"https:\/\/www.yogananda.com.mx\/portal\/wp-json\/wp\/v2\/product"}],"about":[{"href":"https:\/\/www.yogananda.com.mx\/portal\/wp-json\/wp\/v2\/types\/product"}],"replies":[{"embeddable":true,"href":"https:\/\/www.yogananda.com.mx\/portal\/wp-json\/wp\/v2\/comments?post=70"}],"wp:featuredmedia":[{"embeddable":true,"href":"https:\/\/www.yogananda.com.mx\/portal\/wp-json\/wp\/v2\/media\/71"}],"wp:attachment":[{"href":"https:\/\/www.yogananda.com.mx\/portal\/wp-json\/wp\/v2\/media?parent=70"}],"wp:term":[{"taxonomy":"product_cat","embeddable":true,"href":"https:\/\/www.yogananda.com.mx\/portal\/wp-json\/wp\/v2\/product_cat?post=70"},{"taxonomy":"product_tag","embeddable":true,"href":"https:\/\/www.yogananda.com.mx\/portal\/wp-json\/wp\/v2\/product_tag?post=70"}],"curies":[{"name":"wp","href":"https:\/\/api.w.org\/{rel}","templated":true}]}}