{"id":72,"date":"2022-03-29T14:58:00","date_gmt":"2022-03-29T14:58:00","guid":{"rendered":"https:\/\/www.yogananda.com.mx\/site\/?post_type=product&#038;p=72"},"modified":"2022-03-29T14:58:00","modified_gmt":"2022-03-29T14:58:00","slug":"kit-de-cinturon-bloques-de-foami","status":"publish","type":"product","link":"https:\/\/www.yogananda.com.mx\/portal\/product\/kit-de-cinturon-bloques-de-foami\/","title":{"rendered":"Kit de Cintur\u00f3n + Bloques de Foami"},"content":{"rendered":"<p><strong>\u00bfQu\u00e9 te parece este kit de cintur\u00f3n + bloques de foami?<\/strong> <em>Ideal para profundizar tu pr\u00e1ctica.\u00a0<\/em><\/p>\n","protected":false},"excerpt":{"rendered":"<p>\u00bfQu\u00e9 te parece este kit de cintur\u00f3n + bloques de foami? Ideal para profundizar tu pr\u00e1ctica.\u00a0<\/p>\n","protected":false},"featured_media":73,"comment_status":"open","ping_status":"closed","template":"","meta":{"_joinchat":[]},"product_cat":[18],"product_tag":[],"class_list":{"0":"post-72","1":"product","2":"type-product","3":"status-publish","4":"has-post-thumbnail","6":"product_cat-yoga","8":"first","9":"instock","10":"shipping-taxable","11":"product-type-simple"},"_links":{"self":[{"href":"https:\/\/www.yogananda.com.mx\/portal\/wp-json\/wp\/v2\/product\/72","targetHints":{"allow":["GET"]}}],"collection":[{"href":"https:\/\/www.yogananda.com.mx\/portal\/wp-json\/wp\/v2\/product"}],"about":[{"href":"https:\/\/www.yogananda.com.mx\/portal\/wp-json\/wp\/v2\/types\/product"}],"replies":[{"embeddable":true,"href":"https:\/\/www.yogananda.com.mx\/portal\/wp-json\/wp\/v2\/comments?post=72"}],"wp:featuredmedia":[{"embeddable":true,"href":"https:\/\/www.yogananda.com.mx\/portal\/wp-json\/wp\/v2\/media\/73"}],"wp:attachment":[{"href":"https:\/\/www.yogananda.com.mx\/portal\/wp-json\/wp\/v2\/media?parent=72"}],"wp:term":[{"taxonomy":"product_cat","embeddable":true,"href":"https:\/\/www.yogananda.com.mx\/portal\/wp-json\/wp\/v2\/product_cat?post=72"},{"taxonomy":"product_tag","embeddable":true,"href":"https:\/\/www.yogananda.com.mx\/portal\/wp-json\/wp\/v2\/product_tag?post=72"}],"curies":[{"name":"wp","href":"https:\/\/api.w.org\/{rel}","templated":true}]}}